{"id":896,"date":"2026-03-06T12:29:47","date_gmt":"2026-03-06T12:29:47","guid":{"rendered":"https:\/\/bolpal.info\/?page_id=896"},"modified":"2026-03-16T13:17:11","modified_gmt":"2026-03-16T13:17:11","slug":"nuestra-historia","status":"publish","type":"page","link":"https:\/\/bolpal.info\/?page_id=896","title":{"rendered":"Nuestra historia"},"content":{"rendered":"\n<div data-aos= \"fade-up\" data-aos-duration=\"400\" data-aos-delay=\"0\" data-aos-easing=\"ease\" data-aos-once=\"true\" class=\"wp-block-uagb-container uagb-block-0043aad6 alignfull uagb-is-root-container\"><div class=\"uagb-container-inner-blocks-wrap\">\n<p><\/p>\n\n\n\n<div class=\"wp-block-uagb-advanced-heading uagb-block-a7a3b713\"><h1 class=\"uagb-heading-text\">Nuestra historia<\/h1><\/div>\n\n\n\n<figure class=\"wp-block-image aligncenter size-large is-resized\"><img loading=\"lazy\" decoding=\"async\" width=\"690\" height=\"405\" src=\"https:\/\/bolpal.info\/wp-content\/uploads\/2026\/03\/Plantilla-bolsas-bolpal-definitiva-porras-2-edited.png\" alt=\"\" class=\"wp-image-964\" style=\"aspect-ratio:1.7038007863695936;width:164px;height:auto\" srcset=\"https:\/\/bolpal.info\/wp-content\/uploads\/2026\/03\/Plantilla-bolsas-bolpal-definitiva-porras-2-edited.png 690w, https:\/\/bolpal.info\/wp-content\/uploads\/2026\/03\/Plantilla-bolsas-bolpal-definitiva-porras-2-edited-300x176.png 300w\" sizes=\"auto, (max-width: 690px) 100vw, 690px\" \/><\/figure>\n<\/div><\/div>\n\n\n\n<div class=\"wp-block-uagb-container uagb-block-6102fbf3 alignfull uagb-is-root-container\"><div class=\"uagb-container-inner-blocks-wrap\">\n<div data-aos= \"slide-right\" data-aos-duration=\"400\" data-aos-delay=\"0\" data-aos-easing=\"ease\" data-aos-once=\"true\" class=\"wp-block-uagb-container uagb-block-9745b6ac\">\n<div class=\"wp-block-uagb-image uagb-block-36453040 wp-block-uagb-image--layout-default wp-block-uagb-image--effect-static wp-block-uagb-image--align-none\"><figure class=\"wp-block-uagb-image__figure\"><img decoding=\"async\" srcset=\"https:\/\/bolpal.info\/wp-content\/uploads\/2026\/03\/ChatGPT-Image-5-mar-2026-12_00_07-683x1024.png ,https:\/\/bolpal.info\/wp-content\/uploads\/2026\/03\/ChatGPT-Image-5-mar-2026-12_00_07.png 780w, https:\/\/bolpal.info\/wp-content\/uploads\/2026\/03\/ChatGPT-Image-5-mar-2026-12_00_07.png 360w\" sizes=\"auto, (max-width: 480px) 150px\" src=\"https:\/\/bolpal.info\/wp-content\/uploads\/2026\/03\/ChatGPT-Image-5-mar-2026-12_00_07-683x1024.png\" alt=\"BOLPAL\" class=\"uag-image-965\" width=\"201\" height=\"301\" title=\"BOLPAL\" loading=\"lazy\" role=\"img\"\/><\/figure><\/div>\n<\/div>\n\n\n\n<div data-aos= \"slide-left\" data-aos-duration=\"400\" data-aos-delay=\"0\" data-aos-easing=\"ease\" data-aos-once=\"true\" class=\"wp-block-uagb-container uagb-block-85a03efa\">\n<div class=\"wp-block-uagb-info-box uagb-block-987ceabd uagb-infobox__content-wrap  uagb-infobox-icon-above-title uagb-infobox-image-valign-top\"><div class=\"uagb-ifb-content\"><div class=\"uagb-ifb-title-wrap\"><h3 class=\"uagb-ifb-title\"><strong>M\u00e1s de 20 a\u00f1os de tradici\u00f3n<\/strong><\/h3><\/div><p class=\"uagb-ifb-desc\">En <strong>Bolpal<\/strong> llevamos m\u00e1s de dos d\u00e9cadas dedicados a mantener viva la tradici\u00f3n de los churros. Nuestra empresa naci\u00f3 con una idea clara: <strong>llevar el aut\u00e9ntico sabor de los churros a cada hogar<\/strong>, facilitando su preparaci\u00f3n sin renunciar a la calidad y al sabor de siempre.<br><br>Gracias a nuestro proceso de congelaci\u00f3n, conseguimos que cualquier persona pueda disfrutar de <strong>churros deliciosos en casa de forma r\u00e1pida, c\u00f3moda y pr\u00e1ctica<\/strong>.<\/p><\/div><\/div>\n<\/div>\n<\/div><\/div>\n\n\n\n<div data-aos= \"fade-up\" data-aos-duration=\"400\" data-aos-delay=\"0\" data-aos-easing=\"ease\" data-aos-once=\"true\" class=\"wp-block-uagb-container uagb-block-d4263abf alignfull uagb-is-root-container\"><div class=\"uagb-container-inner-blocks-wrap\">\n<div class=\"wp-block-uagb-container uagb-block-49290984\">\n<div class=\"wp-block-uagb-info-box uagb-block-4fe6bf51 uagb-infobox__content-wrap  uagb-infobox-icon-above-title uagb-infobox-image-valign-top\"><div class=\"uagb-ifb-content\"><div class=\"uagb-ifb-title-wrap\"><h3 class=\"uagb-ifb-title\">Calidad que se disfruta<\/h3><\/div><p class=\"uagb-ifb-desc\">En Bolpal apostamos por <strong>ingredientes seleccionados y procesos de elaboraci\u00f3n cuidados<\/strong>, que nos permiten ofrecer churros con la textura crujiente y el sabor tradicional que todos conocemos.<br><br>Nuestros productos est\u00e1n pensados para adaptarse al ritmo de vida actual, permitiendo preparar churros en <strong>horno o freidora de aire en pocos minutos<\/strong>, sin complicaciones y manteniendo toda su calidad.<\/p><\/div><\/div>\n<\/div>\n\n\n\n<div class=\"wp-block-uagb-container uagb-block-7dc7e5df\">\n<div class=\"wp-block-uagb-info-box uagb-block-83cfe699 uagb-infobox__content-wrap  uagb-infobox-icon-above-title uagb-infobox-image-valign-top\"><div class=\"uagb-ifb-content\"><div class=\"uagb-ifb-title-wrap\"><h3 class=\"uagb-ifb-title\">Nuestro compromiso<br><\/h3><\/div><p class=\"uagb-ifb-desc\">Trabajamos cada d\u00eda para ofrecer productos que combinen <strong>tradici\u00f3n, innovaci\u00f3n y comodidad<\/strong>. Nuestro objetivo es que disfrutar de unos buenos churros en casa sea una experiencia sencilla y deliciosa para toda la familia.<br><br>En Bolpal creemos que <strong>los peque\u00f1os momentos tambi\u00e9n merecen un gran sabor<\/strong>.<\/p><\/div><\/div>\n<\/div>\n<\/div><\/div>\n\n\n\n<div data-aos= \"fade-up\" data-aos-duration=\"400\" data-aos-delay=\"0\" data-aos-easing=\"ease\" data-aos-once=\"true\" class=\"wp-block-uagb-container uagb-block-0e88807e alignfull uagb-is-root-container\"><div class=\"uagb-container-inner-blocks-wrap\">\n<div class=\"wp-block-uagb-advanced-heading uagb-block-cee125c5\"><h2 class=\"uagb-heading-text\">Nuestros productos<\/h2><\/div>\n<\/div><\/div>\n\n\n\n<div data-aos= \"flip-up\" data-aos-duration=\"400\" data-aos-delay=\"0\" data-aos-easing=\"ease\" data-aos-once=\"true\" class=\"wp-block-uagb-container uagb-block-aca0ec89 alignfull uagb-is-root-container\"><div class=\"uagb-container-inner-blocks-wrap\">\n<div class=\"wp-block-uagb-container uagb-block-61f303a8\">\n<figure class=\"wp-block-image size-large\"><a href=\"https:\/\/bolpal.info\/?page_id=852\"><img loading=\"lazy\" decoding=\"async\" width=\"1706\" height=\"2000\" src=\"https:\/\/bolpal.info\/wp-content\/uploads\/2026\/03\/4-873x1024.png\" alt=\"\" class=\"wp-image-985\" srcset=\"https:\/\/bolpal.info\/wp-content\/uploads\/2026\/03\/4-873x1024.png 873w, https:\/\/bolpal.info\/wp-content\/uploads\/2026\/03\/4-256x300.png 256w, https:\/\/bolpal.info\/wp-content\/uploads\/2026\/03\/4-768x900.png 768w, https:\/\/bolpal.info\/wp-content\/uploads\/2026\/03\/4-1310x1536.png 1310w, https:\/\/bolpal.info\/wp-content\/uploads\/2026\/03\/4.png 1706w\" sizes=\"auto, (max-width: 1706px) 100vw, 1706px\" \/><\/a><\/figure>\n<\/div>\n\n\n\n<div class=\"wp-block-uagb-container uagb-block-f2f12ba9\">\n<figure class=\"wp-block-image size-large\"><a href=\"https:\/\/bolpal.info\/?page_id=944\"><img loading=\"lazy\" decoding=\"async\" width=\"873\" height=\"1024\" src=\"https:\/\/bolpal.info\/wp-content\/uploads\/2026\/03\/3-3-873x1024.png\" alt=\"\" class=\"wp-image-987\" srcset=\"https:\/\/bolpal.info\/wp-content\/uploads\/2026\/03\/3-3-873x1024.png 873w, https:\/\/bolpal.info\/wp-content\/uploads\/2026\/03\/3-3-256x300.png 256w, https:\/\/bolpal.info\/wp-content\/uploads\/2026\/03\/3-3-768x900.png 768w, https:\/\/bolpal.info\/wp-content\/uploads\/2026\/03\/3-3-1310x1536.png 1310w, https:\/\/bolpal.info\/wp-content\/uploads\/2026\/03\/3-3.png 1706w\" sizes=\"auto, (max-width: 873px) 100vw, 873px\" \/><\/a><\/figure>\n<\/div>\n\n\n\n<div class=\"wp-block-uagb-container uagb-block-ad658dbd\">\n<figure class=\"wp-block-image size-large\"><a href=\"https:\/\/bolpal.info\/?page_id=851\"><img loading=\"lazy\" decoding=\"async\" width=\"873\" height=\"1024\" src=\"https:\/\/bolpal.info\/wp-content\/uploads\/2026\/03\/1-873x1024.png\" alt=\"\" class=\"wp-image-988\" srcset=\"https:\/\/bolpal.info\/wp-content\/uploads\/2026\/03\/1-873x1024.png 873w, https:\/\/bolpal.info\/wp-content\/uploads\/2026\/03\/1-256x300.png 256w, https:\/\/bolpal.info\/wp-content\/uploads\/2026\/03\/1-768x900.png 768w, https:\/\/bolpal.info\/wp-content\/uploads\/2026\/03\/1-1310x1536.png 1310w, https:\/\/bolpal.info\/wp-content\/uploads\/2026\/03\/1.png 1706w\" sizes=\"auto, (max-width: 873px) 100vw, 873px\" \/><\/a><\/figure>\n<\/div>\n<\/div><\/div>\n\n\n\n<p><\/p>\n","protected":false},"excerpt":{"rendered":"<p>Nuestra historia Nuestros productos<\/p>\n","protected":false},"author":2,"featured_media":0,"parent":0,"menu_order":0,"comment_status":"closed","ping_status":"closed","template":"","meta":{"_uag_custom_page_level_css":"","site-sidebar-layout":"default","site-content-layout":"","ast-site-content-layout":"default","site-content-style":"default","site-sidebar-style":"default","ast-global-header-display":"","ast-banner-title-visibility":"","ast-main-header-display":"","ast-hfb-above-header-display":"","ast-hfb-below-header-display":"","ast-hfb-mobile-header-display":"","site-post-title":"disabled","ast-breadcrumbs-content":"","ast-featured-img":"","footer-sml-layout":"","ast-disable-related-posts":"","theme-transparent-header-meta":"","adv-header-id-meta":"","stick-header-meta":"","header-above-stick-meta":"","header-main-stick-meta":"","header-below-stick-meta":"","astra-migrate-meta-layouts":"default","ast-page-background-enabled":"default","ast-page-background-meta":{"desktop":{"background-color":"var(--ast-global-color-5)","background-image":"","background-repeat":"repeat","background-position":"center center","background-size":"auto","background-attachment":"scroll","background-type":"","background-media":"","overlay-type":"","overlay-color":"","overlay-opacity":"","overlay-gradient":""},"tablet":{"background-color":"","background-image":"","background-repeat":"repeat","background-position":"center center","background-size":"auto","background-attachment":"scroll","background-type":"","background-media":"","overlay-type":"","overlay-color":"","overlay-opacity":"","overlay-gradient":""},"mobile":{"background-color":"","background-image":"","background-repeat":"repeat","background-position":"center center","background-size":"auto","background-attachment":"scroll","background-type":"","background-media":"","overlay-type":"","overlay-color":"","overlay-opacity":"","overlay-gradient":""}},"ast-content-background-meta":{"desktop":{"background-color":"var(--ast-global-color-4)","background-image":"","background-repeat":"repeat","background-position":"center center","background-size":"auto","background-attachment":"scroll","background-type":"","background-media":"","overlay-type":"","overlay-color":"","overlay-opacity":"","overlay-gradient":""},"tablet":{"background-color":"var(--ast-global-color-4)","background-image":"","background-repeat":"repeat","background-position":"center center","background-size":"auto","background-attachment":"scroll","background-type":"","background-media":"","overlay-type":"","overlay-color":"","overlay-opacity":"","overlay-gradient":""},"mobile":{"background-color":"var(--ast-global-color-4)","background-image":"","background-repeat":"repeat","background-position":"center center","background-size":"auto","background-attachment":"scroll","background-type":"","background-media":"","overlay-type":"","overlay-color":"","overlay-opacity":"","overlay-gradient":""}},"footnotes":""},"class_list":["post-896","page","type-page","status-publish","hentry"],"uagb_featured_image_src":{"full":false,"thumbnail":false,"medium":false,"medium_large":false,"large":false,"1536x1536":false,"2048x2048":false},"uagb_author_info":{"display_name":"Silvia Mordillo Ramirez","author_link":"https:\/\/bolpal.info\/?author=2"},"uagb_comment_info":0,"uagb_excerpt":"Nuestra historia Nuestros productos","_links":{"self":[{"href":"https:\/\/bolpal.info\/index.php?rest_route=\/wp\/v2\/pages\/896","targetHints":{"allow":["GET"]}}],"collection":[{"href":"https:\/\/bolpal.info\/index.php?rest_route=\/wp\/v2\/pages"}],"about":[{"href":"https:\/\/bolpal.info\/index.php?rest_route=\/wp\/v2\/types\/page"}],"author":[{"embeddable":true,"href":"https:\/\/bolpal.info\/index.php?rest_route=\/wp\/v2\/users\/2"}],"replies":[{"embeddable":true,"href":"https:\/\/bolpal.info\/index.php?rest_route=%2Fwp%2Fv2%2Fcomments&post=896"}],"version-history":[{"count":10,"href":"https:\/\/bolpal.info\/index.php?rest_route=\/wp\/v2\/pages\/896\/revisions"}],"predecessor-version":[{"id":1008,"href":"https:\/\/bolpal.info\/index.php?rest_route=\/wp\/v2\/pages\/896\/revisions\/1008"}],"wp:attachment":[{"href":"https:\/\/bolpal.info\/index.php?rest_route=%2Fwp%2Fv2%2Fmedia&parent=896"}],"curies":[{"name":"wp","href":"https:\/\/api.w.org\/{rel}","templated":true}]}}