{"id":872,"date":"2024-12-27T17:00:21","date_gmt":"2024-12-27T17:00:21","guid":{"rendered":"https:\/\/hootdemos.wphoot.com\/olius\/?page_id=201"},"modified":"2026-03-16T13:03:13","modified_gmt":"2026-03-16T13:03:13","slug":"home-page-2","status":"publish","type":"page","link":"https:\/\/bolpal.info\/","title":{"rendered":"Inicio"},"content":{"rendered":"\n<div class=\"wp-block-uagb-container uagb-block-06662c02 alignfull uagb-is-root-container\">\n<div data-aos= \"fade-down\" data-aos-duration=\"400\" data-aos-delay=\"0\" data-aos-easing=\"ease\" data-aos-once=\"true\" class=\"wp-block-uagb-container uagb-block-ec30a461\">\n<div class=\"wp-block-uagb-info-box uagb-block-f47639b5 uagb-infobox__content-wrap  uagb-infobox-icon-above-title uagb-infobox-image-valign-top\"><div class=\"uagb-ifb-content\"><div class=\"uagb-ifb-title-wrap\"><h1 class=\"uagb-ifb-title\">El placer de unos churros reci\u00e9n hechos en casa<\/h1><\/div><p class=\"uagb-ifb-desc\">Listos en solo <strong>5 minutos<\/strong> en horno o freidora de aire. <br><strong>Sin fre\u00edr, sin humo y sin olores<\/strong>: r\u00e1pido, limpio y delicioso.<\/p><\/div><\/div>\n\n\n\n<div class=\"wp-block-uagb-buttons uagb-buttons__outer-wrap uagb-btn__default-btn uagb-btn-tablet__default-btn uagb-btn-mobile__default-btn uagb-block-e91bf028\"><div class=\"uagb-buttons__wrap uagb-buttons-layout-wrap \">\n<div class=\"wp-block-uagb-buttons-child uagb-buttons__outer-wrap uagb-block-077b5e52 wp-block-button\" id=\"https:\/\/bolpal.info\/?page_id=897\"><div class=\"uagb-button__wrapper\"><a class=\"uagb-buttons-repeater wp-block-button__link\" aria-label=\"\" href=\"https:\/\/bolpal.info\/?page_id=897\" rel=\"follow noopener\" target=\"_self\" role=\"button\"><div class=\"uagb-button__link\">Descubre nuestros productos<\/div><\/a><\/div><\/div>\n<\/div><\/div>\n<\/div>\n\n\n\n<div data-aos= \"fade-down\" data-aos-duration=\"400\" data-aos-delay=\"0\" data-aos-easing=\"ease\" data-aos-once=\"true\" class=\"wp-block-uagb-container uagb-block-8ee1b83d\"><\/div>\n<\/div>\n\n\n\n<div data-aos= \"fade-up\" data-aos-duration=\"400\" data-aos-delay=\"0\" data-aos-easing=\"ease\" data-aos-once=\"true\" class=\"wp-block-uagb-container uagb-block-8b96a9ed alignfull uagb-is-root-container\"><div class=\"uagb-container-inner-blocks-wrap\">\n<div class=\"wp-block-uagb-advanced-heading uagb-block-3e47f60e\"><h1 class=\"uagb-heading-text\">Nuestros productos<\/h1><\/div>\n<\/div><\/div>\n\n\n\n<div data-aos= \"fade-up\" data-aos-duration=\"400\" data-aos-delay=\"0\" data-aos-easing=\"ease\" data-aos-once=\"true\" class=\"wp-block-uagb-container uagb-block-417e4510 alignfull uagb-is-root-container\"><div class=\"uagb-container-inner-blocks-wrap\">\n<div class=\"wp-block-uagb-container uagb-block-f25d7708\">\n<figure class=\"wp-block-image size-large is-style-default\"><a href=\"https:\/\/bolpal.info\/?page_id=852\"><img loading=\"lazy\" decoding=\"async\" width=\"1706\" height=\"2000\" src=\"https:\/\/bolpal.info\/wp-content\/uploads\/2026\/03\/4-873x1024.png\" alt=\"\" class=\"wp-image-985\" srcset=\"https:\/\/bolpal.info\/wp-content\/uploads\/2026\/03\/4-873x1024.png 873w, https:\/\/bolpal.info\/wp-content\/uploads\/2026\/03\/4-256x300.png 256w, https:\/\/bolpal.info\/wp-content\/uploads\/2026\/03\/4-768x900.png 768w, https:\/\/bolpal.info\/wp-content\/uploads\/2026\/03\/4-1310x1536.png 1310w, https:\/\/bolpal.info\/wp-content\/uploads\/2026\/03\/4.png 1706w\" sizes=\"auto, (max-width: 1706px) 100vw, 1706px\" \/><\/a><\/figure>\n<\/div>\n\n\n\n<div class=\"wp-block-uagb-container uagb-block-82e1c2d6\">\n<figure class=\"wp-block-image size-large\"><a href=\"https:\/\/bolpal.info\/?page_id=944\"><img loading=\"lazy\" decoding=\"async\" width=\"873\" height=\"1024\" src=\"https:\/\/bolpal.info\/wp-content\/uploads\/2026\/03\/3-3-873x1024.png\" alt=\"\" class=\"wp-image-987\" srcset=\"https:\/\/bolpal.info\/wp-content\/uploads\/2026\/03\/3-3-873x1024.png 873w, https:\/\/bolpal.info\/wp-content\/uploads\/2026\/03\/3-3-256x300.png 256w, https:\/\/bolpal.info\/wp-content\/uploads\/2026\/03\/3-3-768x900.png 768w, https:\/\/bolpal.info\/wp-content\/uploads\/2026\/03\/3-3-1310x1536.png 1310w, https:\/\/bolpal.info\/wp-content\/uploads\/2026\/03\/3-3.png 1706w\" sizes=\"auto, (max-width: 873px) 100vw, 873px\" \/><\/a><\/figure>\n<\/div>\n\n\n\n<div class=\"wp-block-uagb-container uagb-block-8ee7c8bc\">\n<figure class=\"wp-block-image size-large\"><a href=\"https:\/\/bolpal.info\/?page_id=851\"><img loading=\"lazy\" decoding=\"async\" width=\"873\" height=\"1024\" src=\"https:\/\/bolpal.info\/wp-content\/uploads\/2026\/03\/1-873x1024.png\" alt=\"\" class=\"wp-image-988\" srcset=\"https:\/\/bolpal.info\/wp-content\/uploads\/2026\/03\/1-873x1024.png 873w, https:\/\/bolpal.info\/wp-content\/uploads\/2026\/03\/1-256x300.png 256w, https:\/\/bolpal.info\/wp-content\/uploads\/2026\/03\/1-768x900.png 768w, https:\/\/bolpal.info\/wp-content\/uploads\/2026\/03\/1-1310x1536.png 1310w, https:\/\/bolpal.info\/wp-content\/uploads\/2026\/03\/1.png 1706w\" sizes=\"auto, (max-width: 873px) 100vw, 873px\" \/><\/a><\/figure>\n<\/div>\n<\/div><\/div>\n\n\n\n<div data-aos= \"slide-left\" data-aos-duration=\"400\" data-aos-delay=\"0\" data-aos-easing=\"ease\" data-aos-once=\"true\" class=\"wp-block-uagb-info-box uagb-block-519b9341 uagb-infobox__content-wrap  uagb-infobox-icon-above-title uagb-infobox-image-valign-top wp-block-uagb-info-box--has-margin\"><div class=\"uagb-infobox-margin-wrapper\"><div class=\"uagb-ifb-content\"><div class=\"uagb-ifb-title-wrap\"><h3 class=\"uagb-ifb-title\">M\u00e1s de 20 a\u00f1os de historia<\/h3><\/div><div class=\"uagb-ifb-separator\"><\/div><p class=\"uagb-ifb-desc\">En <strong>Bolpal<\/strong> llevamos m\u00e1s de dos d\u00e9cadas trabajando para mantener viva la tradici\u00f3n de los churros. Nacimos con una idea clara: <strong>llevar el aut\u00e9ntico sabor de los churros a cada hogar<\/strong>, facilitando su preparaci\u00f3n y conservando toda su calidad gracias a la congelaci\u00f3n.<br>Desde entonces, combinamos <strong>tradici\u00f3n, innovaci\u00f3n y comodidad<\/strong> para que disfrutar de unos churros deliciosos en casa sea siempre f\u00e1cil, r\u00e1pido y pr\u00e1ctico.<\/p><\/div><\/div><\/div>\n\n\n\n<div data-aos= \"slide-right\" data-aos-duration=\"400\" data-aos-delay=\"0\" data-aos-easing=\"ease\" data-aos-once=\"true\" class=\"wp-block-uagb-buttons uagb-buttons__outer-wrap uagb-btn__default-btn uagb-btn-tablet__default-btn uagb-btn-mobile__default-btn uagb-block-61ea0228\"><div class=\"uagb-buttons__wrap uagb-buttons-layout-wrap \">\n<div class=\"wp-block-uagb-buttons-child uagb-buttons__outer-wrap uagb-block-2d7cdb98 wp-block-button\" id=\"https:\/\/bolpal.info\/?page_id=896\"><div class=\"uagb-button__wrapper\"><a class=\"uagb-buttons-repeater wp-block-button__link\" aria-label=\"\" href=\"https:\/\/bolpal.info\/?page_id=896\" rel=\"follow noopener\" target=\"_self\" role=\"button\"><div class=\"uagb-button__link\">Conoce nuestra historia<\/div><\/a><\/div><\/div>\n<\/div><\/div>\n\n\n\n<p><\/p>\n\n\n\n<p><\/p>\n","protected":false},"excerpt":{"rendered":"<p>Nuestros productos<\/p>\n","protected":false},"author":2,"featured_media":0,"parent":0,"menu_order":0,"comment_status":"closed","ping_status":"closed","template":"","meta":{"_uag_custom_page_level_css":"","site-sidebar-layout":"default","site-content-layout":"","ast-site-content-layout":"default","site-content-style":"default","site-sidebar-style":"default","ast-global-header-display":"","ast-banner-title-visibility":"","ast-main-header-display":"","ast-hfb-above-header-display":"","ast-hfb-below-header-display":"","ast-hfb-mobile-header-display":"","site-post-title":"disabled","ast-breadcrumbs-content":"","ast-featured-img":"","footer-sml-layout":"","ast-disable-related-posts":"","theme-transparent-header-meta":"","adv-header-id-meta":"","stick-header-meta":"","header-above-stick-meta":"","header-main-stick-meta":"","header-below-stick-meta":"","astra-migrate-meta-layouts":"default","ast-page-background-enabled":"default","ast-page-background-meta":{"desktop":{"background-color":"var(--ast-global-color-5)","background-image":"","background-repeat":"repeat","background-position":"center center","background-size":"auto","background-attachment":"scroll","background-type":"","background-media":"","overlay-type":"","overlay-color":"","overlay-opacity":"","overlay-gradient":""},"tablet":{"background-color":"","background-image":"","background-repeat":"repeat","background-position":"center center","background-size":"auto","background-attachment":"scroll","background-type":"","background-media":"","overlay-type":"","overlay-color":"","overlay-opacity":"","overlay-gradient":""},"mobile":{"background-color":"","background-image":"","background-repeat":"repeat","background-position":"center center","background-size":"auto","background-attachment":"scroll","background-type":"","background-media":"","overlay-type":"","overlay-color":"","overlay-opacity":"","overlay-gradient":""}},"ast-content-background-meta":{"desktop":{"background-color":"var(--ast-global-color-4)","background-image":"","background-repeat":"repeat","background-position":"center center","background-size":"auto","background-attachment":"scroll","background-type":"","background-media":"","overlay-type":"","overlay-color":"","overlay-opacity":"","overlay-gradient":""},"tablet":{"background-color":"var(--ast-global-color-4)","background-image":"","background-repeat":"repeat","background-position":"center center","background-size":"auto","background-attachment":"scroll","background-type":"","background-media":"","overlay-type":"","overlay-color":"","overlay-opacity":"","overlay-gradient":""},"mobile":{"background-color":"var(--ast-global-color-4)","background-image":"","background-repeat":"repeat","background-position":"center center","background-size":"auto","background-attachment":"scroll","background-type":"","background-media":"","overlay-type":"","overlay-color":"","overlay-opacity":"","overlay-gradient":""}},"footnotes":""},"class_list":["post-872","page","type-page","status-publish","hentry"],"uagb_featured_image_src":{"full":false,"thumbnail":false,"medium":false,"medium_large":false,"large":false,"1536x1536":false,"2048x2048":false},"uagb_author_info":{"display_name":"Silvia Mordillo Ramirez","author_link":"https:\/\/bolpal.info\/?author=2"},"uagb_comment_info":0,"uagb_excerpt":"Nuestros productos","_links":{"self":[{"href":"https:\/\/bolpal.info\/index.php?rest_route=\/wp\/v2\/pages\/872","targetHints":{"allow":["GET"]}}],"collection":[{"href":"https:\/\/bolpal.info\/index.php?rest_route=\/wp\/v2\/pages"}],"about":[{"href":"https:\/\/bolpal.info\/index.php?rest_route=\/wp\/v2\/types\/page"}],"author":[{"embeddable":true,"href":"https:\/\/bolpal.info\/index.php?rest_route=\/wp\/v2\/users\/2"}],"replies":[{"embeddable":true,"href":"https:\/\/bolpal.info\/index.php?rest_route=%2Fwp%2Fv2%2Fcomments&post=872"}],"version-history":[{"count":11,"href":"https:\/\/bolpal.info\/index.php?rest_route=\/wp\/v2\/pages\/872\/revisions"}],"predecessor-version":[{"id":990,"href":"https:\/\/bolpal.info\/index.php?rest_route=\/wp\/v2\/pages\/872\/revisions\/990"}],"wp:attachment":[{"href":"https:\/\/bolpal.info\/index.php?rest_route=%2Fwp%2Fv2%2Fmedia&parent=872"}],"curies":[{"name":"wp","href":"https:\/\/api.w.org\/{rel}","templated":true}]}}