{"id":852,"date":"2026-03-05T08:12:35","date_gmt":"2026-03-05T08:12:35","guid":{"rendered":"https:\/\/bolpal.info\/?page_id=852"},"modified":"2026-03-16T13:04:30","modified_gmt":"2026-03-16T13:04:30","slug":"churros","status":"publish","type":"page","link":"https:\/\/bolpal.info\/?page_id=852","title":{"rendered":"Pack 8 unidades"},"content":{"rendered":"\n<div class=\"wp-block-uagb-container uagb-block-f4e83262 alignfull uagb-is-root-container\"><div class=\"uagb-container-inner-blocks-wrap\">\n<div data-aos= \"fade-up\" data-aos-duration=\"400\" data-aos-delay=\"0\" data-aos-easing=\"ease\" data-aos-once=\"true\" class=\"wp-block-uagb-advanced-heading uagb-block-02d883d0\"><h2 class=\"uagb-heading-text\">Pack 8 unidades Churros<\/h2><\/div>\n<\/div><\/div>\n\n\n\n<div data-aos= \"slide-up\" data-aos-duration=\"400\" data-aos-delay=\"0\" data-aos-easing=\"ease\" data-aos-once=\"true\" class=\"wp-block-uagb-container uagb-block-229c6278 alignfull uagb-is-root-container\"><div class=\"uagb-container-inner-blocks-wrap\">\n<div data-aos= \"slide-right\" data-aos-duration=\"400\" data-aos-delay=\"0\" data-aos-easing=\"ease\" data-aos-once=\"true\" class=\"wp-block-uagb-container uagb-block-bbbe6822\">\n<div class=\"wp-block-uagb-info-box uagb-block-013fd4ef uagb-infobox__content-wrap  uagb-infobox-icon-above-title uagb-infobox-image-valign-top\"><div class=\"uagb-ifb-content\"><div class=\"uagb-ifb-title-wrap\"><h3 class=\"uagb-ifb-title\"><em>\u00abLOS DE SIEMPRE, MEJOR QUE NUNCA\u00bb<\/em><\/h3><\/div><p class=\"uagb-ifb-desc\">Perfecto para <strong>2 o 3 personas<\/strong>, ideal para disfrutar de un desayuno o una merienda especial en buena compa\u00f1\u00eda.<br>En solo unos minutos podr\u00e1s preparar <strong>churros crujientes y deliciosos<\/strong>, de forma r\u00e1pida y sin complicaciones. La opci\u00f3n perfecta para darte un capricho dulce en casa y compartir un momento \u00fanico.<br><br>Con Bolpal, disfrutar de unos buenos churros es <strong>f\u00e1cil, c\u00f3modo y siempre delicioso<\/strong>.<\/p><\/div><\/div>\n<\/div>\n\n\n\n<div data-aos= \"slide-left\" data-aos-duration=\"400\" data-aos-delay=\"0\" data-aos-easing=\"ease\" data-aos-once=\"true\" class=\"wp-block-uagb-container uagb-block-c37be879\">\n<figure class=\"wp-block-image aligncenter size-large is-resized\"><img loading=\"lazy\" decoding=\"async\" width=\"1706\" height=\"2000\" src=\"https:\/\/bolpal.info\/wp-content\/uploads\/2026\/03\/4-873x1024.png\" alt=\"\" class=\"wp-image-985\" style=\"aspect-ratio:0.8525432313146661;width:304px;height:auto\" srcset=\"https:\/\/bolpal.info\/wp-content\/uploads\/2026\/03\/4-873x1024.png 873w, https:\/\/bolpal.info\/wp-content\/uploads\/2026\/03\/4-256x300.png 256w, https:\/\/bolpal.info\/wp-content\/uploads\/2026\/03\/4-768x900.png 768w, https:\/\/bolpal.info\/wp-content\/uploads\/2026\/03\/4-1310x1536.png 1310w, https:\/\/bolpal.info\/wp-content\/uploads\/2026\/03\/4.png 1706w\" sizes=\"auto, (max-width: 1706px) 100vw, 1706px\" \/><\/figure>\n<\/div>\n<\/div><\/div>\n\n\n\n<div data-aos= \"slide-up\" data-aos-duration=\"400\" data-aos-delay=\"0\" data-aos-easing=\"ease\" data-aos-once=\"true\" class=\"wp-block-uagb-container uagb-block-d33114b7 alignfull uagb-is-root-container\"><div class=\"uagb-container-inner-blocks-wrap\">\n<div class=\"wp-block-uagb-container uagb-block-dfe33bf1\"><\/div>\n\n\n\n<div class=\"wp-block-uagb-container uagb-block-eddf76a3\">\n<figure class=\"wp-block-image size-large\"><a href=\"https:\/\/bolpal.info\/?page_id=944\"><img loading=\"lazy\" decoding=\"async\" width=\"873\" height=\"1024\" src=\"https:\/\/bolpal.info\/wp-content\/uploads\/2026\/03\/3-3-873x1024.png\" alt=\"\" class=\"wp-image-987\" srcset=\"https:\/\/bolpal.info\/wp-content\/uploads\/2026\/03\/3-3-873x1024.png 873w, https:\/\/bolpal.info\/wp-content\/uploads\/2026\/03\/3-3-256x300.png 256w, https:\/\/bolpal.info\/wp-content\/uploads\/2026\/03\/3-3-768x900.png 768w, https:\/\/bolpal.info\/wp-content\/uploads\/2026\/03\/3-3-1310x1536.png 1310w, https:\/\/bolpal.info\/wp-content\/uploads\/2026\/03\/3-3.png 1706w\" sizes=\"auto, (max-width: 873px) 100vw, 873px\" \/><\/a><\/figure>\n<\/div>\n\n\n\n<div class=\"wp-block-uagb-container uagb-block-dbfb6470\">\n<figure class=\"wp-block-image size-large\"><a href=\"https:\/\/bolpal.info\/?page_id=851\"><img loading=\"lazy\" decoding=\"async\" width=\"873\" height=\"1024\" src=\"https:\/\/bolpal.info\/wp-content\/uploads\/2026\/03\/1-873x1024.png\" alt=\"\" class=\"wp-image-988\" srcset=\"https:\/\/bolpal.info\/wp-content\/uploads\/2026\/03\/1-873x1024.png 873w, https:\/\/bolpal.info\/wp-content\/uploads\/2026\/03\/1-256x300.png 256w, https:\/\/bolpal.info\/wp-content\/uploads\/2026\/03\/1-768x900.png 768w, https:\/\/bolpal.info\/wp-content\/uploads\/2026\/03\/1-1310x1536.png 1310w, https:\/\/bolpal.info\/wp-content\/uploads\/2026\/03\/1.png 1706w\" sizes=\"auto, (max-width: 873px) 100vw, 873px\" \/><\/a><\/figure>\n<\/div>\n<\/div><\/div>\n\n\n\n<p><\/p>\n\n\n\n<p><\/p>\n","protected":false},"excerpt":{"rendered":"<p>Pack 8 unidades Churros<\/p>\n","protected":false},"author":2,"featured_media":0,"parent":0,"menu_order":0,"comment_status":"closed","ping_status":"closed","template":"","meta":{"_uag_custom_page_level_css":"","site-sidebar-layout":"default","site-content-layout":"","ast-site-content-layout":"default","site-content-style":"default","site-sidebar-style":"default","ast-global-header-display":"","ast-banner-title-visibility":"","ast-main-header-display":"","ast-hfb-above-header-display":"","ast-hfb-below-header-display":"","ast-hfb-mobile-header-display":"","site-post-title":"disabled","ast-breadcrumbs-content":"","ast-featured-img":"","footer-sml-layout":"","ast-disable-related-posts":"","theme-transparent-header-meta":"","adv-header-id-meta":"","stick-header-meta":"","header-above-stick-meta":"","header-main-stick-meta":"","header-below-stick-meta":"","astra-migrate-meta-layouts":"default","ast-page-background-enabled":"default","ast-page-background-meta":{"desktop":{"background-color":"var(--ast-global-color-5)","background-image":"","background-repeat":"repeat","background-position":"center center","background-size":"auto","background-attachment":"scroll","background-type":"","background-media":"","overlay-type":"","overlay-color":"","overlay-opacity":"","overlay-gradient":""},"tablet":{"background-color":"","background-image":"","background-repeat":"repeat","background-position":"center center","background-size":"auto","background-attachment":"scroll","background-type":"","background-media":"","overlay-type":"","overlay-color":"","overlay-opacity":"","overlay-gradient":""},"mobile":{"background-color":"","background-image":"","background-repeat":"repeat","background-position":"center center","background-size":"auto","background-attachment":"scroll","background-type":"","background-media":"","overlay-type":"","overlay-color":"","overlay-opacity":"","overlay-gradient":""}},"ast-content-background-meta":{"desktop":{"background-color":"var(--ast-global-color-4)","background-image":"","background-repeat":"repeat","background-position":"center center","background-size":"auto","background-attachment":"scroll","background-type":"","background-media":"","overlay-type":"","overlay-color":"","overlay-opacity":"","overlay-gradient":""},"tablet":{"background-color":"var(--ast-global-color-4)","background-image":"","background-repeat":"repeat","background-position":"center center","background-size":"auto","background-attachment":"scroll","background-type":"","background-media":"","overlay-type":"","overlay-color":"","overlay-opacity":"","overlay-gradient":""},"mobile":{"background-color":"var(--ast-global-color-4)","background-image":"","background-repeat":"repeat","background-position":"center center","background-size":"auto","background-attachment":"scroll","background-type":"","background-media":"","overlay-type":"","overlay-color":"","overlay-opacity":"","overlay-gradient":""}},"footnotes":""},"class_list":["post-852","page","type-page","status-publish","hentry"],"uagb_featured_image_src":{"full":false,"thumbnail":false,"medium":false,"medium_large":false,"large":false,"1536x1536":false,"2048x2048":false},"uagb_author_info":{"display_name":"Silvia Mordillo Ramirez","author_link":"https:\/\/bolpal.info\/?author=2"},"uagb_comment_info":0,"uagb_excerpt":"Pack 8 unidades Churros","_links":{"self":[{"href":"https:\/\/bolpal.info\/index.php?rest_route=\/wp\/v2\/pages\/852","targetHints":{"allow":["GET"]}}],"collection":[{"href":"https:\/\/bolpal.info\/index.php?rest_route=\/wp\/v2\/pages"}],"about":[{"href":"https:\/\/bolpal.info\/index.php?rest_route=\/wp\/v2\/types\/page"}],"author":[{"embeddable":true,"href":"https:\/\/bolpal.info\/index.php?rest_route=\/wp\/v2\/users\/2"}],"replies":[{"embeddable":true,"href":"https:\/\/bolpal.info\/index.php?rest_route=%2Fwp%2Fv2%2Fcomments&post=852"}],"version-history":[{"count":9,"href":"https:\/\/bolpal.info\/index.php?rest_route=\/wp\/v2\/pages\/852\/revisions"}],"predecessor-version":[{"id":992,"href":"https:\/\/bolpal.info\/index.php?rest_route=\/wp\/v2\/pages\/852\/revisions\/992"}],"wp:attachment":[{"href":"https:\/\/bolpal.info\/index.php?rest_route=%2Fwp%2Fv2%2Fmedia&parent=852"}],"curies":[{"name":"wp","href":"https:\/\/api.w.org\/{rel}","templated":true}]}}